{"id":877,"date":"2022-11-18T21:17:35","date_gmt":"2022-11-18T20:17:35","guid":{"rendered":"http:\/\/cape91.fr\/?page_id=877"},"modified":"2025-08-26T15:40:43","modified_gmt":"2025-08-26T13:40:43","slug":"documents-officiels","status":"publish","type":"page","link":"https:\/\/cape91.fr\/index.php\/documents-officiels\/","title":{"rendered":"Nos statuts"},"content":{"rendered":"\n<p>Vous trouverez-ci joint les documents essentiel de notre association  :&nbsp;<\/p>\n\n\n\n<p><a rel=\"noreferrer noopener\" href=\"https:\/\/capeessonne.files.wordpress.com\/2018\/09\/20180711-statuts-cape91-signc3a9s-light.pdf\" target=\"_blank\">Statuts<\/a><\/p>\n\n\n\n<p><a href=\"https:\/\/capeessonne.files.wordpress.com\/2018\/09\/rc3a9cc3a9pissc3a9-prc3a9fecture.pdf\" target=\"_blank\" rel=\"noreferrer noopener\">R\u00e9c\u00e9piss\u00e9 pr\u00e9fecture<\/a><\/p>\n\n\n\n<p><a href=\"https:\/\/capeessonne.files.wordpress.com\/2018\/09\/joafe_pdf_unitaire_20180031_01546.pdf\" target=\"_blank\" rel=\"noreferrer noopener\">Annonce Journal Officiel<\/a><\/p>\n\n\n\n<p><a href=\"http:\/\/cape91.fr\/index.php\/donnees-personnelles\/\" data-type=\"page\" data-id=\"106\">Vos donn\u00e9es personnelles<\/a><\/p>\n","protected":false},"excerpt":{"rendered":"<p>Vous trouverez-ci joint les documents essentiel de notre association :&nbsp; Statuts R\u00e9c\u00e9piss\u00e9 pr\u00e9fecture Annonce Journal Officiel Vos donn\u00e9es personnelles<\/p>\n","protected":false},"author":1,"featured_media":0,"parent":0,"menu_order":0,"comment_status":"closed","ping_status":"closed","template":"","meta":{"footnotes":""},"class_list":["post-877","page","type-page","status-publish","hentry"],"jetpack_sharing_enabled":true,"_links":{"self":[{"href":"https:\/\/cape91.fr\/index.php\/wp-json\/wp\/v2\/pages\/877","targetHints":{"allow":["GET"]}}],"collection":[{"href":"https:\/\/cape91.fr\/index.php\/wp-json\/wp\/v2\/pages"}],"about":[{"href":"https:\/\/cape91.fr\/index.php\/wp-json\/wp\/v2\/types\/page"}],"author":[{"embeddable":true,"href":"https:\/\/cape91.fr\/index.php\/wp-json\/wp\/v2\/users\/1"}],"replies":[{"embeddable":true,"href":"https:\/\/cape91.fr\/index.php\/wp-json\/wp\/v2\/comments?post=877"}],"version-history":[{"count":7,"href":"https:\/\/cape91.fr\/index.php\/wp-json\/wp\/v2\/pages\/877\/revisions"}],"predecessor-version":[{"id":2104,"href":"https:\/\/cape91.fr\/index.php\/wp-json\/wp\/v2\/pages\/877\/revisions\/2104"}],"wp:attachment":[{"href":"https:\/\/cape91.fr\/index.php\/wp-json\/wp\/v2\/media?parent=877"}],"curies":[{"name":"wp","href":"https:\/\/api.w.org\/{rel}","templated":true}]}}